{"id":2218,"date":"2021-06-30T10:01:40","date_gmt":"2021-06-30T10:01:40","guid":{"rendered":"https:\/\/lino2020.it\/?page_id=2218"},"modified":"2024-10-24T09:54:41","modified_gmt":"2024-10-24T07:54:41","slug":"privacy-e-cookie-policy","status":"publish","type":"page","link":"https:\/\/residenzaeuropa.it\/?page_id=2218","title":{"rendered":"Privacy e Cookie Policy"},"content":{"rendered":"<p>&nbsp;<\/p>\n<div class=\"cli_pg_page_contaner\">\n<h4>INFORMATIVA PRIVACY PER IL VISITATORE<\/h4>\n<p><strong>ai sensi dell\u2019art.13 del \u201cRegolamento UE 2016\/679 relativo alla protezione delle persone fisiche con riguardo ai dati personali\u201d (GDPR), in vigore dal 25\/05\/2018<\/strong><\/p>\n<p>Gentile Visitatore,<\/p>\n<p>AlassioMare S.r.l. la informa che il \u201cRegolamento UE 2016\/679 relativo alla protezione delle persone fisiche con riferimento ai dati personali\u201d o \u201cGDPR\u201d prevede la tutela delle persone fisiche, affinch\u00e9 i loro dati personali siano trattati nel rispetto dei diritti e delle liber\u00e0 fondamentali, nonch\u00e9 della dignit\u00e0 dell\u2019interessato con particolare riferimento alla riservatezza, all\u2019identit\u00e0 della persona e al diritto alla protezione dei dati medesimi.<\/p>\n<p>Ai sensi dell\u2019art. 13 del GDPR AlassioMare S.r.l. desidera fornirle alcune informazioni circa il trattamento dei suoi dati personali.<\/p>\n<p><strong>Titolare del trattamento<\/strong> \u00e8 AlassioMare S.r.l. con sede legale in Alassio (SV) Piazza Sant&#8217;Ambrogio 16. Il titolare del trattamento non ha nominato un responsabile della protezione dei dati (DPO).<\/p>\n<p><strong>Tipi di dati trattati e finalit\u00e0 del trattamento:<\/strong> I sistemi informatici e le procedure software preposte al funzionamento di questo sito web acquisiscono, nel corso del loro normale esercizio, alcuni dati personali, la cui trasmissione \u00e8 implicita nell\u2019uso di protocolli di comunicazione internet. Si tratta di informazioni che non sono raccolte per essere associate a interessati identificati ma che per la loro stessa natura potrebbero, attraverso elaborazioni ed associazioni con dati detenuti da terzi, permettere di identificare l\u2019utente. Questi dati vengono trattati al solo fine di ricavare statistiche anonime sull\u2019uso del sito e per controllarne il corretto funzionamento. I dati potrebbero essere utilizzati per l\u2019accertamento di responsabilit\u00e0 in caso di reati informatici ai danni del sito.<\/p>\n<p><strong>Dati forniti volontariamente dall\u2019utente:<\/strong> L\u2019invio facoltativo, esplicito e volontario di posta elettronica agli indirizzi indicati in questo sito comporta la successiva acquisizione dell\u2019indirizzo del mittente necessario per rispondere alle richieste, nonch\u00e9 degli eventuali altri dati personali inseriti nella missiva. Specifiche informative che integrano la presente verranno progressivamente riportate o visualizzate nelle pagine del sito predisposte per particolari servizi a richiesta.<\/p>\n<p><strong>Modalit\u00e0 di trattamento dei dati personali e destinatari:<\/strong> i dati personali sono trattati con sistemi manuali, informatici e automatizzati per il tempo necessario a conseguire gli scopi per cui sono raccolti. Il Titolare ha adottato specifiche misure di sicurezza al fine di garantire il trattamento dei dati nel rispetto delle disposizioni in materia di protezione di dati personali avuto particolare riguardo alla prevenzione della perdita di tali dati, usi illeciti o non corretti o accessi non autorizzati. I dati personali sono trattati da personale autorizzato dal Titolare in relazione alle finalit\u00e0 sopra specificate. Oltre a ci\u00f2, i dati di navigazione potrebbero essere conosciuti da Societ\u00e0 specializzata incaricata della manutenzione tecnica del sito.<\/p>\n<p><strong>Comunicazione e diffusione dei dati:<\/strong> i dati personali raccolti non sito non sono soggetti a diffusione, non verranno venduti o ceduti a terzi salve le ipotesi previste per legge.<\/p>\n<p><strong>Diritti degli interessati:<\/strong> potranno in qualunque momento essere esercitati i diritti di accesso ai dati personali, di rettifica o di cancellazione degli stessi, di limitazione del trattamento, di revoca dell\u2019eventuale consenso, di opposizione, di portabilit\u00e0 di cui, tra gli altri, agli artt. 15-20 del Regolamento Europeo n. 679\/2016 attraverso l\u2019invio di una richiesta tramite posta elettronica all\u2019indirizzo: alassio@fodocasa.com.<\/p>\n<p>&nbsp;<\/p>\n<h4>Informativa estesa sull\u2019uso dei cookie<\/h4>\n<p>Informativa estesa sull\u2019uso dei cookie ai sensi del provvedimento del Garante della Privacy n. 229\/2014, per coloro che interagiscono con i servizi di questo sito web. Il sito web utilizza cookie e tecnologie simili per garantire il corretto funzionamento delle procedure e migliorare l\u2019esperienza d\u2019uso delle applicazioni online. Il presente documento fornisce informazioni dettagliate sull\u2019uso dei cookie e di tecnologie similari, su come sono utilizzati e su come gestirli.<\/p>\n<h4><u>Cookies<\/u><\/h4>\n<p>I cookies sono dati creati da un server che sono memorizzati in file di testo sull\u2019hard disk del Suo computer e consentono il funzionamento del presente sito internet, l\u2019uso di una specifica funzionalit\u00e0 esplicitamente richiesta dall\u2019utente ovvero permettono di migliorare il funzionamento di questo sito, come i cookie che rendono la navigazione pi\u00f9 veloce o che mostrano i contenuti di maggiore interesse per l\u2019utente in funzione delle scelte precedenti. I cookies possono essere permanenti (c.d. cookies persistenti), ma possono anche avere una durata limitata (c.d. cookies di sessione). Questo sito utilizza sia cookies persistenti che di sessione. Quelli di sessione non vengono memorizzati in modo permanente sul Suo computer e svaniscono con la chiusura del browser. Quelli persistenti servono per personalizzare la navigazione in funzione dello strumento utilizzato dall\u2019utente (computer, tablet, smartphone) cos\u00ec come i cookies di terze parti che servono per analizzare gli accessi del sito (es. Google Analytics) e per permettere agli utenti di condividere i contenuti del sito attraverso social network (FB) o e-mail (Add This). Questi cookies vengono memorizzati in modo permanente sul Suo computer e hanno una durata variabile.<\/p>\n<p>Il sito utilizza in modo particolare i seguenti cookies:<\/p>\n<p>Cookies Sito<\/p>\n<table width=\"100%\">\n<tbody>\n<tr>\n<td><strong>Nome cookie<\/strong><\/td>\n<td><strong>Tipo<\/strong><\/td>\n<td><strong>Nome servizio<\/strong><\/td>\n<td><strong>Nome descrizione<\/strong><\/td>\n<td><strong>Durata<\/strong><\/td>\n<td><strong>Dominio<\/strong><\/td>\n<\/tr>\n<tr>\n<td>_ga<\/td>\n<td>analitico di terze parti<\/td>\n<td>Google Analytics<\/td>\n<td>Utilizzato dalle API di Google Analytics<\/td>\n<td>6 mesi<\/td>\n<td>www.residenzaeuropa.it<\/td>\n<\/tr>\n<tr>\n<td>_gat<\/td>\n<td>analitico di terze parti<\/td>\n<td>Google Analytics<\/td>\n<td>Utilizzato dalle API di Google Analytics<\/td>\n<td>10 minuti<\/td>\n<td>www.residenzaeuropa.it<\/td>\n<\/tr>\n<tr>\n<td>viewed_cookie_policy<\/td>\n<td>funzionale<\/td>\n<td>Informativa privacy policy<\/td>\n<td>Mantiene nascosta la barra dell\u2019informativa della privacy policy<\/td>\n<td>1 anno<\/td>\n<td>www.residenzaeuropa.it<\/td>\n<\/tr>\n<tr>\n<td>wfvt_xxxxxxx<\/td>\n<td>analitico<\/td>\n<td>Analitico Wordfence<\/td>\n<td>Tiene traccia delle pagine viste da un utente<\/td>\n<td>30 minuti<\/td>\n<td>www.residenzaeuropa.it<\/td>\n<\/tr>\n<tr>\n<td>googtrans<\/td>\n<td>funzionale<\/td>\n<td>Translate<\/td>\n<td>Tiene traccia della lingua scelta<\/td>\n<td>fino al termine della sessione di navigazione<\/td>\n<td>www.residenzaeuropa.it<\/td>\n<\/tr>\n<tr>\n<td>PHPSESSID<\/td>\n<td>tecnico<\/td>\n<td>WebServer<\/td>\n<td>Identificativo della sessione di navigazione<\/td>\n<td>fino al termine della sessione di navigazione<\/td>\n<td>www.residenzaeuropa.it<\/td>\n<\/tr>\n<tr>\n<td>SERVERID<\/td>\n<td>tecnico<\/td>\n<td>WebServer<\/td>\n<td>Identificativo del server che ha gestito la richiesta dell\u2019utente<\/td>\n<td>fino al termine della sessione di navigazione<\/td>\n<td>www.residenzaeuropa.it<\/td>\n<\/tr>\n<\/tbody>\n<\/table>\n<p>&nbsp;<\/p>\n<h3><strong>Google Analytics Cookies<\/strong><\/h3>\n<p>Il nostro sito utilizza Google Analytics di Google, Inc., un servizio offre statistiche di misurazione ed analisi delle performance del sito, tramite l\u2019uso di Cookie. Per consultare l\u2019informativa privacy del servizio Google Analytics, visiti la pagina <a href=\"http:\/\/www.google.com\/intl\/en\/analytics\/privacyoverview.html\" target=\"_blank\" rel=\"noopener\">http:\/\/www.google.com\/intl\/en\/analytics\/privacyoverview.html<\/a>. Per le norme sulla privacy di Google, segnaliamo il seguente indirizzo <a href=\"http:\/\/www.google.com\/intl\/it\/privacy\/privacy-policy.html\" target=\"_blank\" rel=\"noopener\">http:\/\/www.google.com\/intl\/it\/privacy\/privacy-policy.html<\/a>.)<br \/>\nPer ulteriori approfondimenti <a href=\"http:\/\/www.google.it\/intl\/it\/policies\/technologies\/types\/\" target=\"_blank\" rel=\"noopener\">http:\/\/www.google.it\/intl\/it\/policies\/technologies\/types\/<\/a> e <a href=\"https:\/\/developers.google.com\/analytics\/devguides\/collection\/analyticsjs\/cookie-usage\" target=\"_blank\" rel=\"noopener\">https:\/\/developers.google.com\/analytics\/devguides\/collection\/analyticsjs\/cookie-usage<\/a><\/p>\n<p>&nbsp;<\/p>\n<\/div>\n","protected":false},"excerpt":{"rendered":"<p>&nbsp; INFORMATIVA PRIVACY PER IL VISITATORE ai sensi dell\u2019art.13 del \u201cRegolamento UE 2016\/679 relativo alla protezione delle persone fisiche con riguardo ai dati personali\u201d (GDPR), in vigore dal 25\/05\/2018 Gentile Visitatore, AlassioMare S.r.l. la informa che il \u201cRegolamento UE 2016\/679 relativo alla protezione delle persone&#8230;<\/p>\n","protected":false},"author":1,"featured_media":0,"parent":0,"menu_order":0,"comment_status":"closed","ping_status":"closed","template":"","meta":[],"_links":{"self":[{"href":"https:\/\/residenzaeuropa.it\/index.php?rest_route=\/wp\/v2\/pages\/2218"}],"collection":[{"href":"https:\/\/residenzaeuropa.it\/index.php?rest_route=\/wp\/v2\/pages"}],"about":[{"href":"https:\/\/residenzaeuropa.it\/index.php?rest_route=\/wp\/v2\/types\/page"}],"author":[{"embeddable":true,"href":"https:\/\/residenzaeuropa.it\/index.php?rest_route=\/wp\/v2\/users\/1"}],"replies":[{"embeddable":true,"href":"https:\/\/residenzaeuropa.it\/index.php?rest_route=%2Fwp%2Fv2%2Fcomments&post=2218"}],"version-history":[{"count":1,"href":"https:\/\/residenzaeuropa.it\/index.php?rest_route=\/wp\/v2\/pages\/2218\/revisions"}],"predecessor-version":[{"id":3538,"href":"https:\/\/residenzaeuropa.it\/index.php?rest_route=\/wp\/v2\/pages\/2218\/revisions\/3538"}],"wp:attachment":[{"href":"https:\/\/residenzaeuropa.it\/index.php?rest_route=%2Fwp%2Fv2%2Fmedia&parent=2218"}],"curies":[{"name":"wp","href":"https:\/\/api.w.org\/{rel}","templated":true}]}}